{"id":11,"date":"2016-01-19T17:01:58","date_gmt":"2016-01-19T16:01:58","guid":{"rendered":"http:\/\/www.alfons-kloter.ch\/?page_id=11"},"modified":"2024-04-19T15:38:37","modified_gmt":"2024-04-19T13:38:37","slug":"home","status":"publish","type":"page","link":"https:\/\/www.alfons-kloter.ch\/","title":{"rendered":"Home"},"content":{"rendered":"<p><img decoding=\"async\" loading=\"lazy\" class=\"wp-image-273 size-full alignnone\" src=\"http:\/\/www.alfons-kloter.ch\/wp-content\/uploads\/2017\/10\/homebild-zugeschnitten.jpg\" alt=\"\" width=\"880\" height=\"509\" srcset=\"https:\/\/www.alfons-kloter.ch\/wp-content\/uploads\/2017\/10\/homebild-zugeschnitten.jpg 880w, https:\/\/www.alfons-kloter.ch\/wp-content\/uploads\/2017\/10\/homebild-zugeschnitten-300x174.jpg 300w, https:\/\/www.alfons-kloter.ch\/wp-content\/uploads\/2017\/10\/homebild-zugeschnitten-768x444.jpg 768w\" sizes=\"(max-width: 880px) 100vw, 880px\" \/><\/p>\n<div class=\"page\" title=\"Page 4\">\n<div class=\"layoutArea\">\n<div class=\"column\">\n<h2 style=\"text-align: left;\">Herzlich Willkommen<\/h2>\n<p>Die Firma Alfons Kloter ist ein Familienbetrieb. Gegr\u00fcndet wurde der Kleinbetrieb im April 1988 vom Dipl. Sanit\u00e4rplaner Alfons Kloter. Das Unternehmen ist in den Bereichen Haustechnik-Planung, W\u00e4rmemessungen sowie Heiz- und Wasserkostenabrechnungen t\u00e4tig. 2008 stieg sein Sohn Tobias Kloter als Haustechnikplaner Sanit\u00e4r mit ein.<\/p>\n<\/div>\n<\/div>\n<\/div>\n","protected":false},"excerpt":{"rendered":"<p>Herzlich Willkommen Die Firma Alfons Kloter ist ein Familienbetrieb. Gegr\u00fcndet wurde der Kleinbetrieb im April 1988 vom Dipl. Sanit\u00e4rplaner Alfons Kloter. Das Unternehmen ist in [&#8230;]<\/p>\n","protected":false},"author":1,"featured_media":0,"parent":0,"menu_order":0,"comment_status":"closed","ping_status":"closed","template":"template-fullwidth.php","meta":[],"_links":{"self":[{"href":"https:\/\/www.alfons-kloter.ch\/index.php\/wp-json\/wp\/v2\/pages\/11"}],"collection":[{"href":"https:\/\/www.alfons-kloter.ch\/index.php\/wp-json\/wp\/v2\/pages"}],"about":[{"href":"https:\/\/www.alfons-kloter.ch\/index.php\/wp-json\/wp\/v2\/types\/page"}],"author":[{"embeddable":true,"href":"https:\/\/www.alfons-kloter.ch\/index.php\/wp-json\/wp\/v2\/users\/1"}],"replies":[{"embeddable":true,"href":"https:\/\/www.alfons-kloter.ch\/index.php\/wp-json\/wp\/v2\/comments?post=11"}],"version-history":[{"count":29,"href":"https:\/\/www.alfons-kloter.ch\/index.php\/wp-json\/wp\/v2\/pages\/11\/revisions"}],"predecessor-version":[{"id":485,"href":"https:\/\/www.alfons-kloter.ch\/index.php\/wp-json\/wp\/v2\/pages\/11\/revisions\/485"}],"wp:attachment":[{"href":"https:\/\/www.alfons-kloter.ch\/index.php\/wp-json\/wp\/v2\/media?parent=11"}],"curies":[{"name":"wp","href":"https:\/\/api.w.org\/{rel}","templated":true}]}}